{"id":351,"date":"2016-04-13T13:58:56","date_gmt":"2016-04-13T11:58:56","guid":{"rendered":"http:\/\/hid-miskolc.hu\/?page_id=351"},"modified":"2016-04-13T14:02:23","modified_gmt":"2016-04-13T12:02:23","slug":"civil-szervezetek-mukodesere-vonatkozo-szabalyozas","status":"publish","type":"page","link":"http:\/\/hid-miskolc.hu\/?page_id=351","title":{"rendered":"Civil Szervezetek M\u0171k\u00f6d\u00e9s\u00e9re Vonatkoz\u00f3 Szab\u00e1lyoz\u00e1s"},"content":{"rendered":"<p><a href=\"http:\/\/hid-miskolc.hu\/wp-content\/uploads\/2016\/04\/Civil-Szervezetek-M%C5%B1k%C3%B6d%C3%A9s%C3%A9nek-Szab%C3%A1lyoz%C3%A1sa.doc\"rel=\"attachment wp-att-352\">Civil Szervezetek M\u0171k\u00f6d\u00e9s\u00e9nek Szab\u00e1lyoz\u00e1sa<\/a><\/p>\n","protected":false},"excerpt":{"rendered":"<p>Civil Szervezetek M\u0171k\u00f6d\u00e9s\u00e9nek Szab\u00e1lyoz\u00e1sa<\/p>\n","protected":false},"author":1,"featured_media":0,"parent":22,"menu_order":0,"comment_status":"closed","ping_status":"closed","template":"","meta":[],"_links":{"self":[{"href":"http:\/\/hid-miskolc.hu\/index.php?rest_route=\/wp\/v2\/pages\/351"}],"collection":[{"href":"http:\/\/hid-miskolc.hu\/index.php?rest_route=\/wp\/v2\/pages"}],"about":[{"href":"http:\/\/hid-miskolc.hu\/index.php?rest_route=\/wp\/v2\/types\/page"}],"author":[{"embeddable":true,"href":"http:\/\/hid-miskolc.hu\/index.php?rest_route=\/wp\/v2\/users\/1"}],"replies":[{"embeddable":true,"href":"http:\/\/hid-miskolc.hu\/index.php?rest_route=%2Fwp%2Fv2%2Fcomments&post=351"}],"version-history":[{"count":2,"href":"http:\/\/hid-miskolc.hu\/index.php?rest_route=\/wp\/v2\/pages\/351\/revisions"}],"predecessor-version":[{"id":355,"href":"http:\/\/hid-miskolc.hu\/index.php?rest_route=\/wp\/v2\/pages\/351\/revisions\/355"}],"up":[{"embeddable":true,"href":"http:\/\/hid-miskolc.hu\/index.php?rest_route=\/wp\/v2\/pages\/22"}],"wp:attachment":[{"href":"http:\/\/hid-miskolc.hu\/index.php?rest_route=%2Fwp%2Fv2%2Fmedia&parent=351"}],"curies":[{"name":"wp","href":"https:\/\/api.w.org\/{rel}","templated":true}]}}