{"id":358,"date":"2016-07-27T14:30:00","date_gmt":"2016-07-27T12:30:00","guid":{"rendered":"http:\/\/hid-miskolc.hu\/?page_id=358"},"modified":"2016-07-27T14:38:41","modified_gmt":"2016-07-27T12:38:41","slug":"informacio-megvaltozott-munkakepessegueknek","status":"publish","type":"page","link":"http:\/\/hid-miskolc.hu\/?page_id=358","title":{"rendered":"Inform\u00e1ci\u00f3 Megv\u00e1ltozott Munkak\u00e9pess\u00e9g\u0171eknek"},"content":{"rendered":"<p><a href=\"http:\/\/hid-miskolc.hu\/wp-content\/uploads\/2016\/07\/T%C3%A1j%C3%A9koztat%C3%B3.pdf\" rel=\"attachment wp-att-359\">T\u00e1j\u00e9koztat\u00f3 let\u00f6lt\u00e9se<\/a><\/p>\n","protected":false},"excerpt":{"rendered":"<p>T\u00e1j\u00e9koztat\u00f3 let\u00f6lt\u00e9se<\/p>\n","protected":false},"author":1,"featured_media":0,"parent":53,"menu_order":0,"comment_status":"closed","ping_status":"closed","template":"","meta":[],"_links":{"self":[{"href":"http:\/\/hid-miskolc.hu\/index.php?rest_route=\/wp\/v2\/pages\/358"}],"collection":[{"href":"http:\/\/hid-miskolc.hu\/index.php?rest_route=\/wp\/v2\/pages"}],"about":[{"href":"http:\/\/hid-miskolc.hu\/index.php?rest_route=\/wp\/v2\/types\/page"}],"author":[{"embeddable":true,"href":"http:\/\/hid-miskolc.hu\/index.php?rest_route=\/wp\/v2\/users\/1"}],"replies":[{"embeddable":true,"href":"http:\/\/hid-miskolc.hu\/index.php?rest_route=%2Fwp%2Fv2%2Fcomments&post=358"}],"version-history":[{"count":2,"href":"http:\/\/hid-miskolc.hu\/index.php?rest_route=\/wp\/v2\/pages\/358\/revisions"}],"predecessor-version":[{"id":362,"href":"http:\/\/hid-miskolc.hu\/index.php?rest_route=\/wp\/v2\/pages\/358\/revisions\/362"}],"up":[{"embeddable":true,"href":"http:\/\/hid-miskolc.hu\/index.php?rest_route=\/wp\/v2\/pages\/53"}],"wp:attachment":[{"href":"http:\/\/hid-miskolc.hu\/index.php?rest_route=%2Fwp%2Fv2%2Fmedia&parent=358"}],"curies":[{"name":"wp","href":"https:\/\/api.w.org\/{rel}","templated":true}]}}