{"id":367,"date":"2018-06-11T11:11:10","date_gmt":"2018-06-11T09:11:10","guid":{"rendered":"http:\/\/hid-miskolc.hu\/?page_id=367"},"modified":"2018-06-11T11:11:10","modified_gmt":"2018-06-11T09:11:10","slug":"adatvedelmi-szabalyzatok","status":"publish","type":"page","link":"http:\/\/hid-miskolc.hu\/?page_id=367","title":{"rendered":"Adatv\u00e9delmi szab\u00e1lyzatok"},"content":{"rendered":"<p><span style=\"font-weight: bold;\">Kedves olvas\u00f3!<\/span><\/p>\n<p>Adatv\u00e9delmi szab\u00e1lyzatainkat megtekintheti az al\u00e1bbi PDF dokumentumon:<br \/>\n<a href=\"http:\/\/hid-miskolc.hu\/?attachment_id=368\" rel=\"attachment wp-att-368\">Adatv\u00e9delmi szab\u00e1lyzatok<\/a><\/p>\n","protected":false},"excerpt":{"rendered":"<p>Kedves olvas\u00f3! Adatv\u00e9delmi szab\u00e1lyzatainkat megtekintheti az al\u00e1bbi PDF dokumentumon: Adatv\u00e9delmi szab\u00e1lyzatok<\/p>\n","protected":false},"author":1,"featured_media":0,"parent":0,"menu_order":0,"comment_status":"closed","ping_status":"closed","template":"","meta":[],"_links":{"self":[{"href":"http:\/\/hid-miskolc.hu\/index.php?rest_route=\/wp\/v2\/pages\/367"}],"collection":[{"href":"http:\/\/hid-miskolc.hu\/index.php?rest_route=\/wp\/v2\/pages"}],"about":[{"href":"http:\/\/hid-miskolc.hu\/index.php?rest_route=\/wp\/v2\/types\/page"}],"author":[{"embeddable":true,"href":"http:\/\/hid-miskolc.hu\/index.php?rest_route=\/wp\/v2\/users\/1"}],"replies":[{"embeddable":true,"href":"http:\/\/hid-miskolc.hu\/index.php?rest_route=%2Fwp%2Fv2%2Fcomments&post=367"}],"version-history":[{"count":1,"href":"http:\/\/hid-miskolc.hu\/index.php?rest_route=\/wp\/v2\/pages\/367\/revisions"}],"predecessor-version":[{"id":369,"href":"http:\/\/hid-miskolc.hu\/index.php?rest_route=\/wp\/v2\/pages\/367\/revisions\/369"}],"wp:attachment":[{"href":"http:\/\/hid-miskolc.hu\/index.php?rest_route=%2Fwp%2Fv2%2Fmedia&parent=367"}],"curies":[{"name":"wp","href":"https:\/\/api.w.org\/{rel}","templated":true}]}}