{"id":48,"date":"2013-05-27T09:52:24","date_gmt":"2013-05-27T07:52:24","guid":{"rendered":"http:\/\/hid-miskolc.hu\/?page_id=48"},"modified":"2013-05-27T09:52:34","modified_gmt":"2013-05-27T07:52:34","slug":"egyuttmukodo-partnereink","status":"publish","type":"page","link":"http:\/\/hid-miskolc.hu\/?page_id=48","title":{"rendered":"Egy\u00fcttm\u0171k\u00f6d\u0151 Partnereink"},"content":{"rendered":"<p>Al\u00e1bbi Partnereink Miskolcon \u00e9s k\u00f6rny\u00e9k\u00e9n m\u0171k\u00f6dnek egy\u00fctt programjaink bonyol\u00edt\u00e1s\u00e1ban<\/p>\n<ul>\n<li>M\u00c1V \u00daj Es\u00e9ly Alap\u00edtv\u00e1ny (Web:\u00a0<a href=\"http:\/\/www.ujesely.hu\/\" target=\"_blank\">www.ujesely.hu\u00a0<\/a>)<\/li>\n<li>Miskolci Csal\u00e1dseg\u00edt\u0151 K\u00f6zpont<\/li>\n<li>E\u00f6tv\u00f6s J\u00f3zsef Szakk\u00e9pz\u0151iskola<\/li>\n<li>MIOK (Web:\u00a0<a href=\"http:\/\/www.miok.hu\/\" target=\"_blank\">www.miok.hu\u00a0<\/a>)<\/li>\n<li>Az Ember\u00e9rt, Az Embers\u00e9g\u00e9rt Alap\u00edtv\u00e1ny<\/li>\n<li>\u00dajra Dolgozom Programok Orsz\u00e1gos Sz\u00f6vets\u00e9ge (Web:\u00a0<a href=\"http:\/\/www.udp-osz.hu\/\">www.udp-osz.hu\u00a0<\/a>)<\/li>\n<li>Munkan\u00e9lk\u00fclieket Seg\u00edt\u0151 K\u00f6zhaszn\u00fa Szervezetek Magyarorsz\u00e1gi Sz\u00f6vets\u00e9ge (Web:\u00a0<a href=\"http:\/\/www.mskszmsz.hu\/\">www.mskszmsz.hu\u00a0<\/a>)<\/li>\n<li>B-A-Z Megyei Munka\u00fcgyi K\u00f6zpont (Web:\u00a0<a href=\"http:\/\/www.bazmmk.hu\/\" target=\"_blank\">www.bazmmk.hu\u00a0<\/a>)<\/li>\n<li>Kapcsolat-kih\u00edv\u00e1s alap\u00edtv\u00e1ny (Web:\u00a0<a href=\"http:\/\/www.kapcsolatkihivas.hu\/\" target=\"_blank\">www.kapcsolatkihivas.hu\u00a0<\/a>)<\/li>\n<li>Mozg\u00e1ss\u00e9r\u00fcltek \u00e9s Bar\u00e1taik Miskolc V\u00e1rosi Egyes\u00fclete<\/li>\n<li>T\u00e9r K\u00e9p Egyes\u00fclet<\/li>\n<li>RENT-MAN Kft.<\/li>\n<li>M\u00c1EOSZ<\/li>\n<li>Szia Club, G\u00f6nc<\/li>\n<li>Munka\u00fcgyi Kirendelts\u00e9g, G\u00f6nc<\/li>\n<li>Gyermekj\u00f3l\u00e9ti Szolg\u00e1lat, G\u00f6nc<\/li>\n<li>K\u00e1rolyi G\u00e1sp\u00e1r \u00c1ltal\u00e1nos Iskola, G\u00f6nc<\/li>\n<li>Szimbi\u00f3zis a Harmonikus Egy\u00fctt-l\u00e9t\u00e9rt Alap\u00edtv\u00e1ny (Web:\u00a0<a href=\"http:\/\/www.szimbiozis.net\/\" target=\"_blank\">www.szimbiozis.net\u00a0<\/a>)<\/li>\n<\/ul>\n","protected":false},"excerpt":{"rendered":"<p>Al\u00e1bbi Partnereink Miskolcon \u00e9s k\u00f6rny\u00e9k\u00e9n m\u0171k\u00f6dnek egy\u00fctt programjaink bonyol\u00edt\u00e1s\u00e1ban M\u00c1V \u00daj Es\u00e9ly Alap\u00edtv\u00e1ny (Web:\u00a0www.ujesely.hu\u00a0) Miskolci Csal\u00e1dseg\u00edt\u0151 K\u00f6zpont E\u00f6tv\u00f6s J\u00f3zsef Szakk\u00e9pz\u0151iskola MIOK (Web:\u00a0www.miok.hu\u00a0) Az Ember\u00e9rt, Az Embers\u00e9g\u00e9rt Alap\u00edtv\u00e1ny \u00dajra Dolgozom Programok Orsz\u00e1gos Sz\u00f6vets\u00e9ge (Web:\u00a0www.udp-osz.hu\u00a0) Munkan\u00e9lk\u00fclieket Seg\u00edt\u0151 K\u00f6zhaszn\u00fa Szervezetek Magyarorsz\u00e1gi Sz\u00f6vets\u00e9ge (Web:\u00a0www.mskszmsz.hu\u00a0) B-A-Z Megyei Munka\u00fcgyi K\u00f6zpont (Web:\u00a0www.bazmmk.hu\u00a0) Kapcsolat-kih\u00edv\u00e1s alap\u00edtv\u00e1ny (Web:\u00a0www.kapcsolatkihivas.hu\u00a0) Mozg\u00e1ss\u00e9r\u00fcltek \u00e9s Bar\u00e1taik Miskolc V\u00e1rosi Egyes\u00fclete T\u00e9r [&hellip;]<\/p>\n","protected":false},"author":1,"featured_media":0,"parent":30,"menu_order":0,"comment_status":"closed","ping_status":"closed","template":"","meta":[],"_links":{"self":[{"href":"http:\/\/hid-miskolc.hu\/index.php?rest_route=\/wp\/v2\/pages\/48"}],"collection":[{"href":"http:\/\/hid-miskolc.hu\/index.php?rest_route=\/wp\/v2\/pages"}],"about":[{"href":"http:\/\/hid-miskolc.hu\/index.php?rest_route=\/wp\/v2\/types\/page"}],"author":[{"embeddable":true,"href":"http:\/\/hid-miskolc.hu\/index.php?rest_route=\/wp\/v2\/users\/1"}],"replies":[{"embeddable":true,"href":"http:\/\/hid-miskolc.hu\/index.php?rest_route=%2Fwp%2Fv2%2Fcomments&post=48"}],"version-history":[{"count":3,"href":"http:\/\/hid-miskolc.hu\/index.php?rest_route=\/wp\/v2\/pages\/48\/revisions"}],"predecessor-version":[{"id":52,"href":"http:\/\/hid-miskolc.hu\/index.php?rest_route=\/wp\/v2\/pages\/48\/revisions\/52"}],"up":[{"embeddable":true,"href":"http:\/\/hid-miskolc.hu\/index.php?rest_route=\/wp\/v2\/pages\/30"}],"wp:attachment":[{"href":"http:\/\/hid-miskolc.hu\/index.php?rest_route=%2Fwp%2Fv2%2Fmedia&parent=48"}],"curies":[{"name":"wp","href":"https:\/\/api.w.org\/{rel}","templated":true}]}}