{"id":54,"date":"2013-05-27T09:56:44","date_gmt":"2013-05-27T07:56:44","guid":{"rendered":"http:\/\/hid-miskolc.hu\/?page_id=54"},"modified":"2013-11-08T10:26:29","modified_gmt":"2013-11-08T08:26:29","slug":"civil-kezikonyv","status":"publish","type":"page","link":"http:\/\/hid-miskolc.hu\/?page_id=54","title":{"rendered":"Civil k\u00e9zik\u00f6nyv"},"content":{"rendered":"<p>Civil k\u00e9zik\u00f6nyv &#8211; let\u00f6lthet\u0151 dokumentumai<\/p>\n<p>Felt\u00f6lt\u00e9s alatt<\/p>\n","protected":false},"excerpt":{"rendered":"<p>Civil k\u00e9zik\u00f6nyv &#8211; let\u00f6lthet\u0151 dokumentumai Felt\u00f6lt\u00e9s alatt<\/p>\n","protected":false},"author":1,"featured_media":0,"parent":53,"menu_order":0,"comment_status":"closed","ping_status":"closed","template":"","meta":[],"_links":{"self":[{"href":"http:\/\/hid-miskolc.hu\/index.php?rest_route=\/wp\/v2\/pages\/54"}],"collection":[{"href":"http:\/\/hid-miskolc.hu\/index.php?rest_route=\/wp\/v2\/pages"}],"about":[{"href":"http:\/\/hid-miskolc.hu\/index.php?rest_route=\/wp\/v2\/types\/page"}],"author":[{"embeddable":true,"href":"http:\/\/hid-miskolc.hu\/index.php?rest_route=\/wp\/v2\/users\/1"}],"replies":[{"embeddable":true,"href":"http:\/\/hid-miskolc.hu\/index.php?rest_route=%2Fwp%2Fv2%2Fcomments&post=54"}],"version-history":[{"count":6,"href":"http:\/\/hid-miskolc.hu\/index.php?rest_route=\/wp\/v2\/pages\/54\/revisions"}],"predecessor-version":[{"id":175,"href":"http:\/\/hid-miskolc.hu\/index.php?rest_route=\/wp\/v2\/pages\/54\/revisions\/175"}],"up":[{"embeddable":true,"href":"http:\/\/hid-miskolc.hu\/index.php?rest_route=\/wp\/v2\/pages\/53"}],"wp:attachment":[{"href":"http:\/\/hid-miskolc.hu\/index.php?rest_route=%2Fwp%2Fv2%2Fmedia&parent=54"}],"curies":[{"name":"wp","href":"https:\/\/api.w.org\/{rel}","templated":true}]}}