{"id":65,"date":"2013-05-27T10:01:15","date_gmt":"2013-05-27T08:01:15","guid":{"rendered":"http:\/\/hid-miskolc.hu\/?page_id=65"},"modified":"2013-05-27T10:01:15","modified_gmt":"2013-05-27T08:01:15","slug":"felnottkepzes","status":"publish","type":"page","link":"http:\/\/hid-miskolc.hu\/?page_id=65","title":{"rendered":"Feln\u0151ttk\u00e9pz\u00e9s"},"content":{"rendered":"<ul>\n<li>Feln\u0151ttk\u00e9pz\u00e9si Nyilv\u00e1ntart\u00e1si sz\u00e1m: 05-0064-06<\/li>\n<li>Feln\u0151ttk\u00e9pz\u00e9si Int\u00e9zm\u00e9nyakkredit\u00e1ci\u00f3s lajstromsz\u00e1m: AL-2671<\/li>\n<li>KID t\u00edpus\u00fa k\u00e9pz\u00e9s az al\u00e1bbiak alapj\u00e1n:<\/li>\n<\/ul>\n<p>KID (komplex, integr\u00e1lt, differenci\u00e1lt) t\u00edpus\u00fa \u2013 Kompetencia alap\u00fa foglalkoztathat\u00f3s\u00e1got fejleszt\u0151 k\u00e9pz\u00e9s<\/p>\n<p>K\u00e9pz\u00e9s megnevez\u00e9se:\u00a0\u201eKID (komplex, integr\u00e1lt, differenci\u00e1lt) t\u00edpus\u00fa \u2013 Kompetencia alap\u00fa foglalkoztathat\u00f3s\u00e1got fejleszt\u0151 k\u00e9pz\u00e9s<\/p>\n<p>A k\u00e9pz\u00e9sen val\u00f3 r\u00e9szv\u00e9tel felt\u00e9tele:\u00a0\u00edr\u00e1s-olvas\u00e1si k\u00e9szs\u00e9g<\/p>\n<p>K\u00e9pz\u00e9s c\u00e9lja:a munkav\u00e1llal\u00e1shoz, elhelyezked\u00e9shez sz\u00fcks\u00e9ges k\u00e9szs\u00e9gek, k\u00e9pess\u00e9gek fejleszt\u00e9s, ismeretek, kompetenci\u00e1k b\u0151v\u00edt\u00e9se<\/p>\n<p>A k\u00e9pz\u00e9s moduljai<\/p>\n<table width=\"80%\" border=\"1\">\n<tbody>\n<tr>\n<td><b>Megnevez\u00e9s:<\/b><\/td>\n<td><b>\u00d3rasz\u00e1m:<\/b><\/td>\n<\/tr>\n<tr>\n<td>Munkav\u00e1llal\u00e1st akad\u00e1lyoz\u00f3 probl\u00e9m\u00e1k felt\u00e1r\u00e1sa, egy\u00e9ni tan\u00e1csad\u00e1s<\/td>\n<td align=\"center\">48 \u00f3ra<\/td>\n<\/tr>\n<tr>\n<td>P\u00e1lyaorient\u00e1ci\u00f3<\/td>\n<td align=\"center\">20 \u00f3ra<\/td>\n<\/tr>\n<tr>\n<td>K\u00e9pz\u00e9shez, munkav\u00e1llal\u00e1shoz sz\u00fcks\u00e9ges kompetenci\u00e1k felm\u00e9r\u00e9se<\/td>\n<td align=\"center\">12 \u00f3ra<\/td>\n<\/tr>\n<tr>\n<td>Tanul\u00e1sra felk\u00e9sz\u00edt\u0151 kulcskompetenci\u00e1k fejleszt\u00e9se<\/td>\n<td align=\"center\">78 \u00f3ra<\/td>\n<\/tr>\n<tr>\n<td>Digit\u00e1lis kompetenciafejleszt\u00e9s, alapfok\u00fa sz\u00e1m\u00edt\u00e1stechnikai ismeretek<\/td>\n<td align=\"center\">150 \u00f3ra<\/td>\n<\/tr>\n<tr>\n<td>Elhelyezked\u00e9si tan\u00e1csad\u00e1s<\/td>\n<td align=\"center\">20 \u00f3ra<\/td>\n<\/tr>\n<tr>\n<td>\u00c1ll\u00e1skeres\u00e9si technik\u00e1k<\/td>\n<td align=\"center\">20 \u00f3ra<\/td>\n<\/tr>\n<tr>\n<td>K\u00f6z\u00f6ss\u00e9gfejleszt\u00e9s<\/td>\n<td align=\"center\">36 \u00f3ra<\/td>\n<\/tr>\n<tr>\n<td>\u00c1ll\u00e1s megtart\u00e1s\u00e1t seg\u00edt\u0151 egy\u00e9ni tan\u00e1csad\u00e1s<\/td>\n<td align=\"center\">16 \u00f3ra<\/td>\n<\/tr>\n<\/tbody>\n<\/table>\n<p>K\u00e9pz\u00e9s id\u0151tartama:400 \u00f3ra<\/p>\n<p>Vizsga:modulonk\u00e9nt z\u00e1r\u00f3vizsga<\/p>\n","protected":false},"excerpt":{"rendered":"<p>Feln\u0151ttk\u00e9pz\u00e9si Nyilv\u00e1ntart\u00e1si sz\u00e1m: 05-0064-06 Feln\u0151ttk\u00e9pz\u00e9si Int\u00e9zm\u00e9nyakkredit\u00e1ci\u00f3s lajstromsz\u00e1m: AL-2671 KID t\u00edpus\u00fa k\u00e9pz\u00e9s az al\u00e1bbiak alapj\u00e1n: KID (komplex, integr\u00e1lt, differenci\u00e1lt) t\u00edpus\u00fa \u2013 Kompetencia alap\u00fa foglalkoztathat\u00f3s\u00e1got fejleszt\u0151 k\u00e9pz\u00e9s K\u00e9pz\u00e9s megnevez\u00e9se:\u00a0\u201eKID (komplex, integr\u00e1lt, differenci\u00e1lt) t\u00edpus\u00fa \u2013 Kompetencia alap\u00fa foglalkoztathat\u00f3s\u00e1got fejleszt\u0151 k\u00e9pz\u00e9s A k\u00e9pz\u00e9sen val\u00f3 r\u00e9szv\u00e9tel felt\u00e9tele:\u00a0\u00edr\u00e1s-olvas\u00e1si k\u00e9szs\u00e9g K\u00e9pz\u00e9s c\u00e9lja:a munkav\u00e1llal\u00e1shoz, elhelyezked\u00e9shez sz\u00fcks\u00e9ges k\u00e9szs\u00e9gek, k\u00e9pess\u00e9gek fejleszt\u00e9s, ismeretek, kompetenci\u00e1k b\u0151v\u00edt\u00e9se A [&hellip;]<\/p>\n","protected":false},"author":1,"featured_media":0,"parent":0,"menu_order":0,"comment_status":"closed","ping_status":"closed","template":"","meta":[],"_links":{"self":[{"href":"http:\/\/hid-miskolc.hu\/index.php?rest_route=\/wp\/v2\/pages\/65"}],"collection":[{"href":"http:\/\/hid-miskolc.hu\/index.php?rest_route=\/wp\/v2\/pages"}],"about":[{"href":"http:\/\/hid-miskolc.hu\/index.php?rest_route=\/wp\/v2\/types\/page"}],"author":[{"embeddable":true,"href":"http:\/\/hid-miskolc.hu\/index.php?rest_route=\/wp\/v2\/users\/1"}],"replies":[{"embeddable":true,"href":"http:\/\/hid-miskolc.hu\/index.php?rest_route=%2Fwp%2Fv2%2Fcomments&post=65"}],"version-history":[{"count":2,"href":"http:\/\/hid-miskolc.hu\/index.php?rest_route=\/wp\/v2\/pages\/65\/revisions"}],"predecessor-version":[{"id":68,"href":"http:\/\/hid-miskolc.hu\/index.php?rest_route=\/wp\/v2\/pages\/65\/revisions\/68"}],"wp:attachment":[{"href":"http:\/\/hid-miskolc.hu\/index.php?rest_route=%2Fwp%2Fv2%2Fmedia&parent=65"}],"curies":[{"name":"wp","href":"https:\/\/api.w.org\/{rel}","templated":true}]}}