{"id":75,"date":"2013-05-27T10:16:44","date_gmt":"2013-05-27T08:16:44","guid":{"rendered":"http:\/\/hid-miskolc.hu\/?page_id=75"},"modified":"2013-05-27T10:17:30","modified_gmt":"2013-05-27T08:17:30","slug":"hid-ujra-dolgozom-program-hefop-2-3-2","status":"publish","type":"page","link":"http:\/\/hid-miskolc.hu\/?page_id=75","title":{"rendered":"H\u00cdD &#8211; \u00dajra Dolgozom Program (HEFOP 2.3.2)"},"content":{"rendered":"<p>A\u00a0<strong>H\u00cdD \u00dajra Dolgozom Program<\/strong>\u00a0sor\u00e1n 430 f\u0151 Miskolcon \u00e9s vonz\u00e1sk\u00f6rzet\u00e9ben \u00e9l\u0151, alacsony iskolai v\u00e9gzetts\u00e9g\u0171 vagy elavult szakm\u00e1val rendelkez\u0151, h\u00e1tr\u00e1nyos helyzet\u0171 munkan\u00e9lk\u00fcli sz\u00e1m\u00e1ra ny\u00fajtunk munkaer\u0151-piaci szolg\u00e1ltat\u00e1sokat.<\/p>\n<p>A program sor\u00e1n egy\u00e9nre illetve ig\u00e9nyekre szabott tan\u00e1csad\u00e1ssal, szaktan\u00e1csad\u00e1sokkal, tr\u00e9ningekkel seg\u00edtj\u00fck az \u00e1ll\u00e1skeres\u0151k k\u00e9pz\u00e9sbe vagy munk\u00e1ba val\u00f3 elhelyezked\u00e9s\u00e9t.<\/p>\n","protected":false},"excerpt":{"rendered":"<p>A\u00a0H\u00cdD \u00dajra Dolgozom Program\u00a0sor\u00e1n 430 f\u0151 Miskolcon \u00e9s vonz\u00e1sk\u00f6rzet\u00e9ben \u00e9l\u0151, alacsony iskolai v\u00e9gzetts\u00e9g\u0171 vagy elavult szakm\u00e1val rendelkez\u0151, h\u00e1tr\u00e1nyos helyzet\u0171 munkan\u00e9lk\u00fcli sz\u00e1m\u00e1ra ny\u00fajtunk munkaer\u0151-piaci szolg\u00e1ltat\u00e1sokat. A program sor\u00e1n egy\u00e9nre illetve ig\u00e9nyekre szabott tan\u00e1csad\u00e1ssal, szaktan\u00e1csad\u00e1sokkal, tr\u00e9ningekkel seg\u00edtj\u00fck az \u00e1ll\u00e1skeres\u0151k k\u00e9pz\u00e9sbe vagy munk\u00e1ba val\u00f3 elhelyezked\u00e9s\u00e9t.<\/p>\n","protected":false},"author":1,"featured_media":0,"parent":14,"menu_order":0,"comment_status":"closed","ping_status":"closed","template":"","meta":[],"_links":{"self":[{"href":"http:\/\/hid-miskolc.hu\/index.php?rest_route=\/wp\/v2\/pages\/75"}],"collection":[{"href":"http:\/\/hid-miskolc.hu\/index.php?rest_route=\/wp\/v2\/pages"}],"about":[{"href":"http:\/\/hid-miskolc.hu\/index.php?rest_route=\/wp\/v2\/types\/page"}],"author":[{"embeddable":true,"href":"http:\/\/hid-miskolc.hu\/index.php?rest_route=\/wp\/v2\/users\/1"}],"replies":[{"embeddable":true,"href":"http:\/\/hid-miskolc.hu\/index.php?rest_route=%2Fwp%2Fv2%2Fcomments&post=75"}],"version-history":[{"count":3,"href":"http:\/\/hid-miskolc.hu\/index.php?rest_route=\/wp\/v2\/pages\/75\/revisions"}],"predecessor-version":[{"id":79,"href":"http:\/\/hid-miskolc.hu\/index.php?rest_route=\/wp\/v2\/pages\/75\/revisions\/79"}],"up":[{"embeddable":true,"href":"http:\/\/hid-miskolc.hu\/index.php?rest_route=\/wp\/v2\/pages\/14"}],"wp:attachment":[{"href":"http:\/\/hid-miskolc.hu\/index.php?rest_route=%2Fwp%2Fv2%2Fmedia&parent=75"}],"curies":[{"name":"wp","href":"https:\/\/api.w.org\/{rel}","templated":true}]}}