{"id":80,"date":"2013-05-27T10:18:03","date_gmt":"2013-05-27T08:18:03","guid":{"rendered":"http:\/\/hid-miskolc.hu\/?page_id=80"},"modified":"2013-05-27T10:18:51","modified_gmt":"2013-05-27T08:18:51","slug":"mav-uj-esely-program","status":"publish","type":"page","link":"http:\/\/hid-miskolc.hu\/?page_id=80","title":{"rendered":"M\u00c1V \u00daj Es\u00e9ly Program"},"content":{"rendered":"<p>Az\u00a0<strong>\u00dajra Dolgozom Programok Orsz\u00e1gos Sz\u00f6vets\u00e9g\u00e9ne<\/strong>k\u00a0miskolci partnerszervezetek\u00e9nt a\u00a0<strong>M\u00c1V<\/strong>\u00a0csoportos l\u00e9tsz\u00e1mle\u00e9p\u00edt\u00e9s\u00e9ben \u00e9rintett dolgoz\u00f3k sz\u00e1m\u00e1ra ny\u00fajtunk munkaer\u0151piaci szolg\u00e1ltat\u00e1sokat.<\/p>\n<p>A program sor\u00e1n szem\u00e9lyre szabott mentor\u00e1l\u00e1ssal, k\u00e9pz\u00e9si \u00e9s munkaer\u0151piaci tan\u00e1csad\u00e1ssal, \u00e1ll\u00e1skeres\u00e9si \u00e9s \u00e9letvezet\u00e9si tr\u00e9ningekkel seg\u00edtj\u00fck a le\u00e9p\u00edtett dolgoz\u00f3k munkaer\u0151piaci reintegr\u00e1ci\u00f3j\u00e1t.<\/p>\n","protected":false},"excerpt":{"rendered":"<p>Az\u00a0\u00dajra Dolgozom Programok Orsz\u00e1gos Sz\u00f6vets\u00e9g\u00e9nek\u00a0miskolci partnerszervezetek\u00e9nt a\u00a0M\u00c1V\u00a0csoportos l\u00e9tsz\u00e1mle\u00e9p\u00edt\u00e9s\u00e9ben \u00e9rintett dolgoz\u00f3k sz\u00e1m\u00e1ra ny\u00fajtunk munkaer\u0151piaci szolg\u00e1ltat\u00e1sokat. A program sor\u00e1n szem\u00e9lyre szabott mentor\u00e1l\u00e1ssal, k\u00e9pz\u00e9si \u00e9s munkaer\u0151piaci tan\u00e1csad\u00e1ssal, \u00e1ll\u00e1skeres\u00e9si \u00e9s \u00e9letvezet\u00e9si tr\u00e9ningekkel seg\u00edtj\u00fck a le\u00e9p\u00edtett dolgoz\u00f3k munkaer\u0151piaci reintegr\u00e1ci\u00f3j\u00e1t.<\/p>\n","protected":false},"author":1,"featured_media":0,"parent":14,"menu_order":0,"comment_status":"closed","ping_status":"closed","template":"","meta":[],"_links":{"self":[{"href":"http:\/\/hid-miskolc.hu\/index.php?rest_route=\/wp\/v2\/pages\/80"}],"collection":[{"href":"http:\/\/hid-miskolc.hu\/index.php?rest_route=\/wp\/v2\/pages"}],"about":[{"href":"http:\/\/hid-miskolc.hu\/index.php?rest_route=\/wp\/v2\/types\/page"}],"author":[{"embeddable":true,"href":"http:\/\/hid-miskolc.hu\/index.php?rest_route=\/wp\/v2\/users\/1"}],"replies":[{"embeddable":true,"href":"http:\/\/hid-miskolc.hu\/index.php?rest_route=%2Fwp%2Fv2%2Fcomments&post=80"}],"version-history":[{"count":2,"href":"http:\/\/hid-miskolc.hu\/index.php?rest_route=\/wp\/v2\/pages\/80\/revisions"}],"predecessor-version":[{"id":84,"href":"http:\/\/hid-miskolc.hu\/index.php?rest_route=\/wp\/v2\/pages\/80\/revisions\/84"}],"up":[{"embeddable":true,"href":"http:\/\/hid-miskolc.hu\/index.php?rest_route=\/wp\/v2\/pages\/14"}],"wp:attachment":[{"href":"http:\/\/hid-miskolc.hu\/index.php?rest_route=%2Fwp%2Fv2%2Fmedia&parent=80"}],"curies":[{"name":"wp","href":"https:\/\/api.w.org\/{rel}","templated":true}]}}