{"id":88,"date":"2013-05-27T10:20:19","date_gmt":"2013-05-27T08:20:19","guid":{"rendered":"http:\/\/hid-miskolc.hu\/?page_id=88"},"modified":"2013-05-27T10:20:19","modified_gmt":"2013-05-27T08:20:19","slug":"hid-am-ofa","status":"publish","type":"page","link":"http:\/\/hid-miskolc.hu\/?page_id=88","title":{"rendered":"H\u00cdD &#8211; AM (OFA)"},"content":{"rendered":"<p>Az\u00a0<strong>A projekt sor\u00e1n az AM k\u00f6nyv alkalmaz\u00e1s\u00e1t<\/strong>, az ezzel val\u00f3 foglalkoztat\u00e1s t\u00e1mogat\u00e1s\u00e1t \u00e9s n\u00e9pszer\u0171s\u00edt\u00e9s\u00e9t t\u0171zt\u0171k ki c\u00e9lul. Sz\u00e9les k\u00f6rben k\u00edv\u00e1njuk n\u00e9pszer\u0171s\u00edteni, megc\u00e9lozva a civil szervezeteket, \u00e9s a munkaer\u0151piac azon szf\u00e9r\u00e1j\u00e1t is, ahol eddig ennek alkalmaz\u00e1sa m\u00e9g nem mer\u00fclt fel.<\/p>\n<p>Tev\u00e9kenys\u00e9geink k\u00f6zt szerepel h\u00e1l\u00f3zati egy\u00fcttm\u0171k\u00f6d\u00e9s kidolgoz\u00e1sa, AM Bank \u00e9s koordin\u00e1ci\u00f3s iroda l\u00e9trehoz\u00e1sa, munkak\u00f6zvet\u00edt\u00e9s munk\u00e1ltat\u00f3knak \u00e9s munkav\u00e1llal\u00f3knak egyar\u00e1nt.<\/p>\n","protected":false},"excerpt":{"rendered":"<p>Az\u00a0A projekt sor\u00e1n az AM k\u00f6nyv alkalmaz\u00e1s\u00e1t, az ezzel val\u00f3 foglalkoztat\u00e1s t\u00e1mogat\u00e1s\u00e1t \u00e9s n\u00e9pszer\u0171s\u00edt\u00e9s\u00e9t t\u0171zt\u0171k ki c\u00e9lul. Sz\u00e9les k\u00f6rben k\u00edv\u00e1njuk n\u00e9pszer\u0171s\u00edteni, megc\u00e9lozva a civil szervezeteket, \u00e9s a munkaer\u0151piac azon szf\u00e9r\u00e1j\u00e1t is, ahol eddig ennek alkalmaz\u00e1sa m\u00e9g nem mer\u00fclt fel. Tev\u00e9kenys\u00e9geink k\u00f6zt szerepel h\u00e1l\u00f3zati egy\u00fcttm\u0171k\u00f6d\u00e9s kidolgoz\u00e1sa, AM Bank \u00e9s koordin\u00e1ci\u00f3s iroda l\u00e9trehoz\u00e1sa, munkak\u00f6zvet\u00edt\u00e9s munk\u00e1ltat\u00f3knak \u00e9s munkav\u00e1llal\u00f3knak [&hellip;]<\/p>\n","protected":false},"author":1,"featured_media":0,"parent":14,"menu_order":0,"comment_status":"closed","ping_status":"closed","template":"","meta":[],"_links":{"self":[{"href":"http:\/\/hid-miskolc.hu\/index.php?rest_route=\/wp\/v2\/pages\/88"}],"collection":[{"href":"http:\/\/hid-miskolc.hu\/index.php?rest_route=\/wp\/v2\/pages"}],"about":[{"href":"http:\/\/hid-miskolc.hu\/index.php?rest_route=\/wp\/v2\/types\/page"}],"author":[{"embeddable":true,"href":"http:\/\/hid-miskolc.hu\/index.php?rest_route=\/wp\/v2\/users\/1"}],"replies":[{"embeddable":true,"href":"http:\/\/hid-miskolc.hu\/index.php?rest_route=%2Fwp%2Fv2%2Fcomments&post=88"}],"version-history":[{"count":1,"href":"http:\/\/hid-miskolc.hu\/index.php?rest_route=\/wp\/v2\/pages\/88\/revisions"}],"predecessor-version":[{"id":89,"href":"http:\/\/hid-miskolc.hu\/index.php?rest_route=\/wp\/v2\/pages\/88\/revisions\/89"}],"up":[{"embeddable":true,"href":"http:\/\/hid-miskolc.hu\/index.php?rest_route=\/wp\/v2\/pages\/14"}],"wp:attachment":[{"href":"http:\/\/hid-miskolc.hu\/index.php?rest_route=%2Fwp%2Fv2%2Fmedia&parent=88"}],"curies":[{"name":"wp","href":"https:\/\/api.w.org\/{rel}","templated":true}]}}