{"id":90,"date":"2013-05-27T10:21:01","date_gmt":"2013-05-27T08:21:01","guid":{"rendered":"http:\/\/hid-miskolc.hu\/?page_id=90"},"modified":"2013-05-27T10:21:01","modified_gmt":"2013-05-27T08:21:01","slug":"foglalkoztatasi-informacios-pont-fip","status":"publish","type":"page","link":"http:\/\/hid-miskolc.hu\/?page_id=90","title":{"rendered":"Foglalkoztat\u00e1si Inform\u00e1ci\u00f3s Pont (FIP)"},"content":{"rendered":"<p>2006 febru\u00e1rj\u00e1t\u00f3l a Munka\u00fcgyi K\u00f6zpont t\u00e1mogat\u00e1s\u00e1val\u00a0<b>munkaer\u0151piaci \u00e9s \u00e1ll\u00e1sinform\u00e1ci\u00f3kat<\/b>\u00a0ny\u00fajtunk az \u00e9rdekl\u0151d\u0151 \u00e1ll\u00e1skeres\u0151knek.<\/p>\n","protected":false},"excerpt":{"rendered":"<p>2006 febru\u00e1rj\u00e1t\u00f3l a Munka\u00fcgyi K\u00f6zpont t\u00e1mogat\u00e1s\u00e1val\u00a0munkaer\u0151piaci \u00e9s \u00e1ll\u00e1sinform\u00e1ci\u00f3kat\u00a0ny\u00fajtunk az \u00e9rdekl\u0151d\u0151 \u00e1ll\u00e1skeres\u0151knek.<\/p>\n","protected":false},"author":1,"featured_media":0,"parent":14,"menu_order":0,"comment_status":"closed","ping_status":"closed","template":"","meta":[],"_links":{"self":[{"href":"http:\/\/hid-miskolc.hu\/index.php?rest_route=\/wp\/v2\/pages\/90"}],"collection":[{"href":"http:\/\/hid-miskolc.hu\/index.php?rest_route=\/wp\/v2\/pages"}],"about":[{"href":"http:\/\/hid-miskolc.hu\/index.php?rest_route=\/wp\/v2\/types\/page"}],"author":[{"embeddable":true,"href":"http:\/\/hid-miskolc.hu\/index.php?rest_route=\/wp\/v2\/users\/1"}],"replies":[{"embeddable":true,"href":"http:\/\/hid-miskolc.hu\/index.php?rest_route=%2Fwp%2Fv2%2Fcomments&post=90"}],"version-history":[{"count":1,"href":"http:\/\/hid-miskolc.hu\/index.php?rest_route=\/wp\/v2\/pages\/90\/revisions"}],"predecessor-version":[{"id":91,"href":"http:\/\/hid-miskolc.hu\/index.php?rest_route=\/wp\/v2\/pages\/90\/revisions\/91"}],"up":[{"embeddable":true,"href":"http:\/\/hid-miskolc.hu\/index.php?rest_route=\/wp\/v2\/pages\/14"}],"wp:attachment":[{"href":"http:\/\/hid-miskolc.hu\/index.php?rest_route=%2Fwp%2Fv2%2Fmedia&parent=90"}],"curies":[{"name":"wp","href":"https:\/\/api.w.org\/{rel}","templated":true}]}}