{"id":92,"date":"2013-05-27T10:23:38","date_gmt":"2013-05-27T08:23:38","guid":{"rendered":"http:\/\/hid-miskolc.hu\/?page_id=92"},"modified":"2013-05-27T10:23:38","modified_gmt":"2013-05-27T08:23:38","slug":"hefop-2-2-1-ujra-dolgozzunk-egyutt","status":"publish","type":"page","link":"http:\/\/hid-miskolc.hu\/?page_id=92","title":{"rendered":"Hefop 2.2.1 &#8211; &#8220;\u00dajra dolgozzunk egy\u00fctt&#8221;"},"content":{"rendered":"<h2>&#8211; A PROGRAM 2008.11.30.-\u00e1n LEZ\u00c1RULT ! &#8211;<\/h2>\n<h3>\nHefop 2.2.1 &#8211; &#8220;\u00dajra dolgozzunk egy\u00fctt&#8221;<\/h3>\n<p><em>\u00dajra Dolgozom Programok \u00a9 Orsz\u00e1gos Sz\u00f6vets\u00e9ge\u00a0<\/em><\/p>\n<p><strong>Projekt c\u00edm:<\/strong>\u00a0&#8220;\u00dajra dolgozzunk egy\u00fctt&#8221;<br \/>\n<strong>Azonos\u00edt\u00f3:<\/strong>\u00a0HEFOP -2.2.1-06\/1-2006-12-0058\/4.0<br \/>\n<strong>F\u0151p\u00e1ly\u00e1z\u00f3:<\/strong>\u00a0\u00daDOSZ<br \/>\n<strong>Konzorciumi partner:<\/strong>\u00a0M\u00c1V \u00daj Es\u00e9ly Alap\u00edtv\u00e1ny<br \/>\n<strong>Id\u0151tartam:<\/strong>\u00a02008.06.01-2008.11.30.<br \/>\n<strong>Projekt c\u00e9lja:<\/strong>\u00a0A munkaer\u0151 piaci szolg\u00e1ltat\u00e1st ny\u00fajt\u00f3 szakemberek k\u00e9pz\u00e9se- \u00daDOSZ tagszervezeteinek munkat\u00e1rsai- , egy\u00fcttm\u0171k\u00f6d\u00e9si k\u00e9szs\u00e9g\u00e9nek fejleszt\u00e9se, a t\u00e1voktat\u00e1si forma fejleszt\u00e9se.<br \/>\nA projekt tev\u00e9kenys\u00e9gei, vezet\u0151i \u00e9s helysz\u00ednei:\u00a0Tan\u00e1csad\u00f3i k\u00e9szs\u00e9gfejleszt\u0151 tr\u00e9ningek<br \/>\n<strong>Tr\u00e9nerek:<\/strong>\u00a0Paksi \u00c9va \u00e9s Kiss Attila<br \/>\n<strong>Helysz\u00edn:<\/strong>\u00a0Nagyk\u0151r\u00f6s \u00e9s Kaposv\u00e1r<\/p>\n<p><strong>Egy\u00e9ni szaktan\u00e1csad\u00e1s<\/strong><br \/>\nTan\u00e1csad\u00f3:\u00a0T\u00f3th S\u00e1ndor<br \/>\nHelysz\u00ednek:\u00a0Zalaegerszeg, Kaposv\u00e1r, P\u00e9cs, Szeksz\u00e1rd, Budapest, Miskolc, Kecskem\u00e9t, \u00d3zd, Ny\u00edregyh\u00e1za.<\/p>\n<p><strong>Esetmegbesz\u00e9l\u00e9sek<\/strong><br \/>\nEsetmegbesz\u00e9l\u0151k:Tagszervezeti vezet\u0151k<br \/>\nHelysz\u00ednek:\u00a0Zalaegerszeg, Kaposv\u00e1r, P\u00e9cs, Szeksz\u00e1rd, Budapest, Miskolc, Kecskem\u00e9t, \u00d3zd, Ny\u00edregyh\u00e1za.<\/p>\n<p><strong>E-learning k\u00e9pz\u00e9s<\/strong><br \/>\nTutor: Szegedi S\u00e1ndor<\/p>\n<p><strong>A t\u00e1voktat\u00e1s t\u00e9m\u00e1i \u00e9s a t\u00e9ma kidolgoz\u00f3i:<\/strong><br \/>\nNonprofit \u00e9s EU ismeretek \u2013\u00a0Kiss Erzs\u00e9bet<br \/>\nOutplacement, a csoportos l\u00e9tsz\u00e1mle\u00e9p\u00edt\u00e9s ism\u00e9rvei \u2013\u00a0T\u00e1ncsics Judit<br \/>\nMunkaer\u0151piaci ismeretek, tan\u00e1csad\u00e1s \u2013\u00a0Dr. Nagy Mikl\u00f3s<\/p>\n<p>Mell\u00e9kel\u00fcnk a megval\u00f3sult, sikeresen \u00e9s eredm\u00e9nyesen z\u00e1rul\u00f3 tr\u00e9ningekr\u0151l k\u00e9peket.<br \/>\n<strong>K\u00f6sz\u00f6n\u00f6m a k\u00f6zrem\u0171k\u00f6d\u00e9st \u00e9s az aktivit\u00e1st!\u00a0<\/strong><\/p>\n<p>Kasar\u00f3czki \u00c1gnes<br \/>\n\u00daDOSZ eln\u00f6k<\/p>\n","protected":false},"excerpt":{"rendered":"<p>&#8211; A PROGRAM 2008.11.30.-\u00e1n LEZ\u00c1RULT ! &#8211; Hefop 2.2.1 &#8211; &#8220;\u00dajra dolgozzunk egy\u00fctt&#8221; \u00dajra Dolgozom Programok \u00a9 Orsz\u00e1gos Sz\u00f6vets\u00e9ge\u00a0 Projekt c\u00edm:\u00a0&#8220;\u00dajra dolgozzunk egy\u00fctt&#8221; Azonos\u00edt\u00f3:\u00a0HEFOP -2.2.1-06\/1-2006-12-0058\/4.0 F\u0151p\u00e1ly\u00e1z\u00f3:\u00a0\u00daDOSZ Konzorciumi partner:\u00a0M\u00c1V \u00daj Es\u00e9ly Alap\u00edtv\u00e1ny Id\u0151tartam:\u00a02008.06.01-2008.11.30. Projekt c\u00e9lja:\u00a0A munkaer\u0151 piaci szolg\u00e1ltat\u00e1st ny\u00fajt\u00f3 szakemberek k\u00e9pz\u00e9se- \u00daDOSZ tagszervezeteinek munkat\u00e1rsai- , egy\u00fcttm\u0171k\u00f6d\u00e9si k\u00e9szs\u00e9g\u00e9nek fejleszt\u00e9se, a t\u00e1voktat\u00e1si forma fejleszt\u00e9se. A projekt tev\u00e9kenys\u00e9gei, vezet\u0151i [&hellip;]<\/p>\n","protected":false},"author":1,"featured_media":0,"parent":14,"menu_order":0,"comment_status":"closed","ping_status":"closed","template":"","meta":[],"_links":{"self":[{"href":"http:\/\/hid-miskolc.hu\/index.php?rest_route=\/wp\/v2\/pages\/92"}],"collection":[{"href":"http:\/\/hid-miskolc.hu\/index.php?rest_route=\/wp\/v2\/pages"}],"about":[{"href":"http:\/\/hid-miskolc.hu\/index.php?rest_route=\/wp\/v2\/types\/page"}],"author":[{"embeddable":true,"href":"http:\/\/hid-miskolc.hu\/index.php?rest_route=\/wp\/v2\/users\/1"}],"replies":[{"embeddable":true,"href":"http:\/\/hid-miskolc.hu\/index.php?rest_route=%2Fwp%2Fv2%2Fcomments&post=92"}],"version-history":[{"count":2,"href":"http:\/\/hid-miskolc.hu\/index.php?rest_route=\/wp\/v2\/pages\/92\/revisions"}],"predecessor-version":[{"id":156,"href":"http:\/\/hid-miskolc.hu\/index.php?rest_route=\/wp\/v2\/pages\/92\/revisions\/156"}],"up":[{"embeddable":true,"href":"http:\/\/hid-miskolc.hu\/index.php?rest_route=\/wp\/v2\/pages\/14"}],"wp:attachment":[{"href":"http:\/\/hid-miskolc.hu\/index.php?rest_route=%2Fwp%2Fv2%2Fmedia&parent=92"}],"curies":[{"name":"wp","href":"https:\/\/api.w.org\/{rel}","templated":true}]}}