{"id":94,"date":"2013-05-27T10:24:49","date_gmt":"2013-05-27T08:24:49","guid":{"rendered":"http:\/\/hid-miskolc.hu\/?page_id=94"},"modified":"2013-05-27T10:24:49","modified_gmt":"2013-05-27T08:24:49","slug":"hid-am2-program","status":"publish","type":"page","link":"http:\/\/hid-miskolc.hu\/?page_id=94","title":{"rendered":"H\u00cdD &#8211; AM2 Program"},"content":{"rendered":"<p><strong>C\u00e9l<\/strong>: Az AM k\u00f6nyvvel val\u00f3 foglalkoztat\u00e1s el\u0151seg\u00edt\u00e9se<\/p>\n<p><strong>C\u00e9lcsoport:<\/strong><\/p>\n<ul>\n<li>Az AM k\u00f6nyvvel rendelkez\u0151 \u00e9s azt kiv\u00e1ltani munkav\u00e1llal\u00f3k<\/li>\n<li>Az AM k\u00f6nyvvel foglalkoztat\u00f3 munk\u00e1ltat\u00f3k<\/li>\n<\/ul>\n<p><strong>Tev\u00e9kenys\u00e9gek:<\/strong><\/p>\n<ul>\n<li>Alkalmi munkav\u00e1llal\u00f3i k\u00f6nyvvel rendelkez\u0151 \u00e1ll\u00e1skeres\u0151k elhelyezked\u00e9s\u00e9nek el\u0151seg\u00edt\u00e9se;<\/li>\n<li>Alkalmi munkav\u00e1llal\u00f3i k\u00f6nyvvel rendelkez\u0151 \u00e1ll\u00e1skeres\u0151k folyamatos munk\u00e1ra val\u00f3 Felk\u00e9sz\u00edt\u00e9se;<\/li>\n<li>Alkalmi munkav\u00e1llal\u00f3i k\u00f6nyvvel rendelkez\u0151 \u00e1ll\u00e1skeres\u0151k h\u00e1ztart\u00e1sokba val\u00f3 k\u00f6zvet\u00edt\u00e9se;<\/li>\n<li>Az AM k\u00f6nyvvel foglalkoztat\u00f3 munk\u00e1ltat\u00f3k sz\u00e1m\u00e1ra a megfelel\u0151 munkaer\u0151 kiv\u00e1laszt\u00e1sa adatb\u00e1zisunk seg\u00edts\u00e9g\u00e9vel;<\/li>\n<li>Az AM k\u00f6nyvvel foglalkoztat\u00f3 munk\u00e1ltat\u00f3k dokument\u00e1ci\u00f3s feladatainak seg\u00edt\u00e9se;<\/li>\n<li>Inform\u00e1ci\u00f3 ny\u00fajt\u00e1sa az AM k\u00f6nyvvel foglalkoztat\u00f3 munk\u00e1ltat\u00f3k sz\u00e1m\u00e1ra az alkalmi munkav\u00e1llal\u00e1ssal kapcsolatos jogszab\u00e1lyokr\u00f3l, jogszab\u00e1lyi v\u00e1ltoz\u00e1sokr\u00f3l.<\/li>\n<\/ul>\n<p><strong>Szolg\u00e1ltat\u00e1saink:<\/strong><\/p>\n<ul>\n<li>Seg\u00edts\u00e9get ny\u00fajtunk Alkalmi Munkav\u00e1llal\u00f3i k\u00f6nyvvel (k\u00e9k k\u00f6nyv) t\u00f6rt\u00e9n\u0151 munkav\u00e1llal\u00e1sban.<\/li>\n<li>Az AM k\u00f6nyvvel rendelkez\u0151 munkav\u00e1llal\u00f3k n\u00e9h\u00e1ny adat megad\u00e1s\u00e1val regisztr\u00e1lhatnak honlapunkon, \u00e9s seg\u00edts\u00e9get kapnak az AM k\u00f6nyvvel t\u00f6rt\u00e9n\u0151 elhelyezked\u00e9sben.<\/li>\n<li>Az AM k\u00f6nyvvel foglalkoztat\u00f3knak a regisztr\u00e1l\u00e1st k\u00f6vet\u0151en seg\u00edts\u00e9get ny\u00fajtunk a megfelel\u0151 munkaer\u0151 kiv\u00e1laszt\u00e1s\u00e1ban!<\/li>\n<\/ul>\n<p>&nbsp;<\/p>\n<div><strong>Szolg\u00e1ltat\u00e1saink t\u00e9r\u00edt\u00e9smentesen vehet\u0151k ig\u00e9nybe.<\/strong><\/div>\n","protected":false},"excerpt":{"rendered":"<p>C\u00e9l: Az AM k\u00f6nyvvel val\u00f3 foglalkoztat\u00e1s el\u0151seg\u00edt\u00e9se C\u00e9lcsoport: Az AM k\u00f6nyvvel rendelkez\u0151 \u00e9s azt kiv\u00e1ltani munkav\u00e1llal\u00f3k Az AM k\u00f6nyvvel foglalkoztat\u00f3 munk\u00e1ltat\u00f3k Tev\u00e9kenys\u00e9gek: Alkalmi munkav\u00e1llal\u00f3i k\u00f6nyvvel rendelkez\u0151 \u00e1ll\u00e1skeres\u0151k elhelyezked\u00e9s\u00e9nek el\u0151seg\u00edt\u00e9se; Alkalmi munkav\u00e1llal\u00f3i k\u00f6nyvvel rendelkez\u0151 \u00e1ll\u00e1skeres\u0151k folyamatos munk\u00e1ra val\u00f3 Felk\u00e9sz\u00edt\u00e9se; Alkalmi munkav\u00e1llal\u00f3i k\u00f6nyvvel rendelkez\u0151 \u00e1ll\u00e1skeres\u0151k h\u00e1ztart\u00e1sokba val\u00f3 k\u00f6zvet\u00edt\u00e9se; Az AM k\u00f6nyvvel foglalkoztat\u00f3 munk\u00e1ltat\u00f3k sz\u00e1m\u00e1ra a megfelel\u0151 munkaer\u0151 [&hellip;]<\/p>\n","protected":false},"author":1,"featured_media":0,"parent":14,"menu_order":0,"comment_status":"closed","ping_status":"closed","template":"","meta":[],"_links":{"self":[{"href":"http:\/\/hid-miskolc.hu\/index.php?rest_route=\/wp\/v2\/pages\/94"}],"collection":[{"href":"http:\/\/hid-miskolc.hu\/index.php?rest_route=\/wp\/v2\/pages"}],"about":[{"href":"http:\/\/hid-miskolc.hu\/index.php?rest_route=\/wp\/v2\/types\/page"}],"author":[{"embeddable":true,"href":"http:\/\/hid-miskolc.hu\/index.php?rest_route=\/wp\/v2\/users\/1"}],"replies":[{"embeddable":true,"href":"http:\/\/hid-miskolc.hu\/index.php?rest_route=%2Fwp%2Fv2%2Fcomments&post=94"}],"version-history":[{"count":1,"href":"http:\/\/hid-miskolc.hu\/index.php?rest_route=\/wp\/v2\/pages\/94\/revisions"}],"predecessor-version":[{"id":95,"href":"http:\/\/hid-miskolc.hu\/index.php?rest_route=\/wp\/v2\/pages\/94\/revisions\/95"}],"up":[{"embeddable":true,"href":"http:\/\/hid-miskolc.hu\/index.php?rest_route=\/wp\/v2\/pages\/14"}],"wp:attachment":[{"href":"http:\/\/hid-miskolc.hu\/index.php?rest_route=%2Fwp%2Fv2%2Fmedia&parent=94"}],"curies":[{"name":"wp","href":"https:\/\/api.w.org\/{rel}","templated":true}]}}